{"id":2763,"date":"2017-08-10T14:48:45","date_gmt":"2017-08-10T14:48:45","guid":{"rendered":"http:\/\/xcelservicevn.com\/home-copy\/"},"modified":"2022-10-11T20:47:17","modified_gmt":"2022-10-11T13:47:17","slug":"about","status":"publish","type":"page","link":"https:\/\/xcelservicevn.com\/vi\/about\/","title":{"rendered":"<p>V\u1ec1 Ch\u00fang T\u00f4i<\/p>"},"content":{"rendered":"<p><section class=\"fw-main-row  ls section_padding_top_50 section_padding_bottom_0 columns_padding_15\">\n\t<h3 class=\"hidden\"> V\u1ec1 Ch\u00fang T\u00f4i<\/h3>\n\t\t\t<div class=\"container\">\n\t\t<div class=\"row\">\n\t\t\t<div class=\"col-xs-12 col-md-8\">\n\t\n\t<div class=\"fw-divider-space  hidden-lg hidden-md\" style=\"margin-top: 40px;\"><\/div>\n<div class=\"special-heading text-left\">\n\t<h2 class=\"section_header margin_0 extra-heading\">\n\t<span class=\"medium text-uppercase\">\n\t\tXcel\t<\/span>\n\t<\/h2>\n\t<h3 class=\"section_header margin_0\">\n\t<span class=\"extra-thin text-transform-none\">\n\t\tWelcome to\t<\/span>\n\t<\/h3>\n\t<h2 class=\"section_header margin_0\">\n\t<span class=\"medium text-transform-none\">\n\t\tService\t<\/span>\n\t<\/h2>\n<\/div>\n\n\t<div class=\"fw-divider-space\" style=\"margin-top: 40px;\"><\/div>\n<div class=\"text-block\">\n\t<p>Ch\u00fang t\u00f4i nh\u1eadn th\u1ea5y r\u1eb1ng nh\u1eefng c\u00f4ng vi\u1ec7c v\u00e0 ho\u1ea1t \u0111\u1ed9ng qu\u1ea3n l\u00fd c\u1ee7a b\u1ed9 ph\u1eadn nh\u00e2n s\u1ef1 th\u01b0\u1eddng kh\u00f4ng \u0111\u01b0\u1ee3c c\u00f4ng nh\u1eadn v\u00e0 \u0111\u00e1nh gi\u00e1 cao v\u1ec1 nh\u1eefng \u0111\u00f3ng g\u00f3p c\u1ee7a n\u00f3 v\u1edbi l\u1ee3i nhu\u1eadn v\u00e0 th\u00e0nh c\u00f4ng c\u1ee7a m\u1ed9t doanh nghi\u1ec7p.<\/p><p>Ch\u00ednh v\u00ec v\u1eady, ch\u00fang t\u00f4i \u1edf \u0111\u00e2y \u0111\u1ec3 thay \u0111\u1ed5i \u0111i\u1ec1u \u0111\u00f3. Ch\u00fang t\u00f4i tin t\u01b0\u1edfng v\u00e0o gi\u00e1 tr\u1ecb m\u00e0 c\u00e1c d\u1ecbch v\u1ee5 c\u1ee7a ch\u00fang t\u00f4i mang l\u1ea1i cho doanh nghi\u1ec7p, s\u1ebd gi\u00fap doanh nghi\u1ec7p c\u1ee7a b\u1ea1n t\u1ed1i \u01b0u h\u00f3a ngu\u1ed3n l\u1ef1c, ti\u1ebft ki\u1ec7m th\u1eddi gian v\u00e0 chi ph\u00ed qu\u1ea3n l\u00fd nh\u00e2n s\u1ef1 trong c\u00f4ng ty<\/p><\/div>\n\n\t<div class=\"fw-divider-space\" style=\"margin-top: 45px;\"><\/div>\n<div class=\"icons-list\">\n\t<ul class=\"no-bullets\">\n\t\t\t\t\t<li>\n\t\t\t\t\t<div class=\"media small-teaser shortcode-icon\">\n\t\t\t\t\t<div class=\"media-left\">\n\t\t\t\t<div class=\"icon-wrap size_normal default_icon\">\n\t\t\t\t\t<i class=\"fa fa-rocket\"><\/i>\n\t\t\t\t<\/div>\n\t\t\t<\/div>\n\t\t\t\t<div class=\"media-body\">\n\t\t\t\t\t\t\t<h4 class=\"title\">\n\t\t\t\t\t<span>50+<\/span> C\u00f4ng Ty \u0110\u00e3 Tri\u1ec3n Khai\t\t\t\t<\/h4>\n\t\t\t\t\t\t\t\t<\/div>\n\t<\/div>\n\t\t\t\t<\/li>\n\t\t\t\t\t<li>\n\t\t\t\t\t<div class=\"media small-teaser shortcode-icon\">\n\t\t\t\t\t<div class=\"media-left\">\n\t\t\t\t<div class=\"icon-wrap size_normal default_icon\">\n\t\t\t\t\t<i class=\"fa fa-briefcase\"><\/i>\n\t\t\t\t<\/div>\n\t\t\t<\/div>\n\t\t\t\t<div class=\"media-body\">\n\t\t\t\t\t\t\t<h4 class=\"title\">\n\t\t\t\t\t<span>100+<\/span> Ch\u01b0\u01a1ng Tr\u00ecnh v\u00e0 D\u1ecbch v\u1ee5 \u0110\u00e3 Cung C\u1ea5p\t\t\t\t<\/h4>\n\t\t\t\t\t\t\t\t<\/div>\n\t<\/div>\n\t\t\t\t<\/li>\n\t\t\t\t\t<li>\n\t\t\t\t\t<div class=\"media small-teaser shortcode-icon\">\n\t\t\t\t\t<div class=\"media-left\">\n\t\t\t\t<div class=\"icon-wrap size_normal default_icon\">\n\t\t\t\t\t<i class=\"fa fa-graduation-cap\"><\/i>\n\t\t\t\t<\/div>\n\t\t\t<\/div>\n\t\t\t\t<div class=\"media-body\">\n\t\t\t\t\t\t\t<h4 class=\"title\">\n\t\t\t\t\t<span>50+<\/span> D\u1ef1 \u00c1n \u0110\u00e3 Tri\u1ec3n Khai Th\u00e0nh C\u00f4ng\t\t\t\t<\/h4>\n\t\t\t\t\t\t\t\t<\/div>\n\t<\/div>\n\t\t\t\t<\/li>\n\t\t\t\t\t<li>\n\t\t\t\t\t<div class=\"media small-teaser shortcode-icon\">\n\t\t\t\t\t<div class=\"media-left\">\n\t\t\t\t<div class=\"icon-wrap size_normal default_icon\">\n\t\t\t\t\t<i class=\"fa fa-user\"><\/i>\n\t\t\t\t<\/div>\n\t\t\t<\/div>\n\t\t\t\t<div class=\"media-body\">\n\t\t\t\t\t\t\t<h4 class=\"title\">\n\t\t\t\t\t<span>25+<\/span> \u0110\u1ed1i T\u00e1c Chi\u1ebfn L\u01b0\u1ee3c\t\t\t\t<\/h4>\n\t\t\t\t\t\t\t\t<\/div>\n\t<\/div>\n\t\t\t\t<\/li>\n\t\t\t<\/ul>\n<\/div><\/div>\n<div class=\"col-xs-12 col-md-4\">\n\t<img decoding=\"async\" src=\"\/\/xcelservicevn.com\/wp-content\/uploads\/2017\/06\/person3.jpg\" alt=\"\/\/xcelservicevn.com\/wp-content\/uploads\/2017\/06\/person3.jpg\"><\/div>\n\t\t<\/div>\n\t<\/div>\n<\/section>\n<section class=\"fw-main-row  ls ms section_padding_top_50 section_padding_bottom_50 columns_padding_15 parallax\" style=\"background-image:url(http:\/\/xcelservicevn.com\/wp-content\/uploads\/2017\/06\/texture2.jpg);\">\n\t<h3 class=\"hidden\"> Advantages<\/h3>\n\t\t\t<div class=\"container\">\n\t\t<div class=\"row\">\n\t\t\t<div class=\"special-heading text-center\">\n\t<h5 class=\"section_header margin_0\">\n\t<span class=\"thin text-uppercase\">\n\t\tT\u1ea1i Sao?\t<\/span>\n\t<\/h5>\n\t<h3 class=\"section_header margin_0\">\n\t<span class=\"medium text-uppercase\">\n\t\tN\u00caN L\u1ef0A CH\u1eccN XCEL SERVICE\t<\/span>\n\t<\/h3>\n<\/div>\n<div class=\"col-xs-12\">\n\t\n\t<div class=\"fw-divider-space\" style=\"margin-top: 50px;\"><\/div>\n<\/div>\n<div class=\"col-xs-12 col-md-4 to_animate\" data-animation=\"pullUp\">\n\t\t<div class=\"teaser icon_top text-center with_padding with_background ls with_shadow color_1\">\n\t\t\t\t<div class=\"teaser_icon size_big bg_color round teaser_gradient color_1\">\n\t\t\t<i class=\"fa fa-trophy\"><\/i>\n\t\t<\/div>\n\t\t\t\t\t<h4>\n\t\t\t\t\t<a href=\"#\">\n\t\t\n\t\tChuy\u00ean Nghi\u1ec7p\n\t\t\t\t\t<\/a>\n\t\t\t\t<\/h4>\n\t\t\t\t\t<p>\n\t\t\tV\u1edbi ngu\u1ed3n l\u1ef1c ch\u1ea5t l\u01b0\u1ee3ng cao, quy tr\u00ecnh tri\u1ec3n khai chuy\u00ean nghi\u1ec7p, nhanh ch\u00f3ng, m\u1ecdi v\u1ea5n \u0111\u1ec1 v\u1ec1 nh\u00e2n s\u1ef1 m\u00e0 c\u00f4ng ty b\u1ea1n \u0111ang g\u1eb7p ph\u1ea3i s\u1ebd \u0111\u01b0\u1ee3c gi\u1ea3i quy\u1ebft tri\u1ec7t \u0111\u1ec3.\t\t<\/p>\n\t\t\t\t\t<\/div>\n\t\n\t<div class=\"fw-divider-space\" style=\"margin-top: 20px;\"><\/div>\n<\/div>\n<div class=\"col-xs-12 col-md-4 to_animate\" data-animation=\"pullUp\">\n\t\t<div class=\"teaser icon_top text-center with_padding with_background ls with_shadow color_1\">\n\t\t\t\t<div class=\"teaser_icon size_big bg_color round teaser_gradient color_1\">\n\t\t\t<i class=\"fa fa-gears\"><\/i>\n\t\t<\/div>\n\t\t\t\t\t<h4>\n\t\t\t\t\t<a href=\"#\">\n\t\t\n\t\tT\u1ed1i \u01afu\n\t\t\t\t\t<\/a>\n\t\t\t\t<\/h4>\n\t\t\t\t\t<p>\n\t\t\tCh\u00fang t\u00f4i lu\u00f4n mang \u0111\u1ebfn nh\u1eefng gi\u1ea3i ph\u00e1p hi\u1ec7u qu\u1ea3 nh\u1ea5t v\u1edbi quy tr\u00ecnh t\u1ed1i \u01b0u nh\u1ea5t gi\u00fap doanh nghi\u1ec7p ti\u1ebft ki\u1ec7m th\u1eddi gian, ngu\u1ed3n l\u1ef1c v\u00e0 t\u1ed1i \u01b0u chi ph\u00ed nh\u1ea5t c\u00f3 th\u1ec3.\t\t<\/p>\n\t\t\t\t\t<\/div>\n\t\n\t<div class=\"fw-divider-space\" style=\"margin-top: 20px;\"><\/div>\n<\/div>\n<div class=\"col-xs-12 col-md-4 to_animate\" data-animation=\"pullUp\">\n\t\t<div class=\"teaser icon_top text-center with_padding with_background ls with_shadow color_1\">\n\t\t\t\t<div class=\"teaser_icon size_big bg_color round teaser_gradient color_1\">\n\t\t\t<i class=\"fa fa-lock\"><\/i>\n\t\t<\/div>\n\t\t\t\t\t<h4>\n\t\t\t\t\t<a href=\"#\">\n\t\t\n\t\tAn To\u00e0n\n\t\t\t\t\t<\/a>\n\t\t\t\t<\/h4>\n\t\t\t\t\t<p>\n\t\t\tD\u1eef li\u1ec7u kh\u00e1ch h\u00e0ng cung c\u1ea5p v\u00e0 tri\u1ec3n khai t\u1ea1i XCEL \u0111\u01b0\u1ee3c b\u1ea3o m\u1eadt tuy\u1ec7t \u0111\u1ed1i v\u1edbi quy tr\u00ecnh n\u1ed9i b\u1ed9 nghi\u00eam ng\u1eb7t. T\u1ea5t c\u1ea3 th\u00f4ng tin c\u00f4ng ty c\u1ee7a b\u1ea1n s\u1ebd kh\u00f4ng bao gi\u1edd b\u1ecb ti\u1ebft l\u1ed9\t\t<\/p>\n\t\t\t\t\t<\/div>\n\t\n\t<div class=\"fw-divider-space\" style=\"margin-top: 20px;\"><\/div>\n<\/div>\n\t\t<\/div>\n\t<\/div>\n<\/section>\n<section class=\"fw-main-row  ds section_padding_top_30 section_padding_bottom_40 columns_padding_80 fullwidth-section half_section\" style=\"background-image:url(http:\/\/xcelservicevn.com\/wp-content\/uploads\/2017\/09\/footer-bg.jpg);\">\n\t<h3 class=\"hidden\"> TH\u01af\u1edcNG G\u1eb6P<\/h3>\n\t\t\t\t\t\t<!--<div class=\"cover_image\" style=\"background-image:url('\/\/xcelservicevn.com\/wp-content\/uploads\/2017\/06\/half_image.jpg')\">-->\n\t\t\t\t<div class=\"image_cover image_cover_left\" style=\"background-image:url('\/\/xcelservicevn.com\/wp-content\/uploads\/2017\/06\/half_image.jpg')\">\n\t\t\t\t\t\t\t\t\t<\/div>\n\t\t\t\t<div class=\"container-fluid\">\n\t\t<div class=\"row\">\n\t\t\t<div class=\"col-xs-12 col-md-6\">\n\t<\/div>\n<div class=\"col-xs-12 col-md-6\">\n\t<div class=\"special-heading text-left\">\n\t<h5 class=\"section_header margin_0\">\n\t<span class=\"thin text-uppercase\">\n\t\tReceiving FAQs\t<\/span>\n\t<\/h5>\n\t<h3 class=\"section_header margin_0\">\n\t<span class=\"medium text-uppercase\">\n\t\tWho we are?\t<\/span>\n\t<\/h3>\n<\/div>\n\n\t<div class=\"fw-divider-space\" style=\"margin-top: 30px;\"><\/div>\n<div class=\"bootstrap-accordion\">\n\t<div class=\"panel-group\" id=\"accordion-785a4aa90931d2b3768cb88a04b84805\">\n\t\t\t\t\t<div class=\"panel panel-default\">\n\t\t\t\t<div class=\"panel-heading\">\n\t\t\t\t\t<h4 class=\"panel-title\">\n\t\t\t\t\t\t<a class=\"\" href=\"#collapse-785a4aa90931d2b3768cb88a04b84805-0\" data-toggle=\"collapse\" data-parent=\"#accordion-785a4aa90931d2b3768cb88a04b84805\">\n\t\t\t\t\t\t\t\t\t\t\t\t\t\tOur solution\t\t\t\t\t\t<\/a>\n\t\t\t\t\t<\/h4>\n\t\t\t\t<\/div>\n\t\t\t\t<div id=\"collapse-785a4aa90931d2b3768cb88a04b84805-0\" class=\"panel-collapse collapse in\">\n\t\t\t\t\t<div class=\"panel-body\">\n\t\t\t\t\t\t\t\t\t\t\t\t\tXcel is your HR partner in Vietnam. We take the hassle out of HR projects by providing a full legal, compliance, and management system solution to our clients.\r\nWhether you are looking to hire local teams, or maintain local compliance, Xcel offers proven solutions to help your company reach its business goals.\t\t\t\t\t\t\t\t\t\t\t<\/div>\n\t\t\t\t<\/div>\n\t\t\t<\/div>\n\t\t\t\t\t<div class=\"panel panel-default\">\n\t\t\t\t<div class=\"panel-heading\">\n\t\t\t\t\t<h4 class=\"panel-title\">\n\t\t\t\t\t\t<a class=\"collapsed\" href=\"#collapse-785a4aa90931d2b3768cb88a04b84805-1\" data-toggle=\"collapse\" data-parent=\"#accordion-785a4aa90931d2b3768cb88a04b84805\">\n\t\t\t\t\t\t\t\t\t\t\t\t\t\tOur Service &amp; Product\t\t\t\t\t\t<\/a>\n\t\t\t\t\t<\/h4>\n\t\t\t\t<\/div>\n\t\t\t\t<div id=\"collapse-785a4aa90931d2b3768cb88a04b84805-1\" class=\"panel-collapse collapse\">\n\t\t\t\t\t<div class=\"panel-body\">\n\t\t\t\t\t\t\t\t\t\t\t\t\tXcel helps companies hire anyone, anywhere in Vietnam at a fraction of the cost of entity establishment. With Xcel legally hiring your employees as the Employer of Record (EoR) or PEO (Professional Employer Organization), we shoulder the risk of local employment compliance, ensure local tax compliance, and administer employment contracts in Vietnam.\t\t\t\t\t\t\t\t\t\t\t<\/div>\n\t\t\t\t<\/div>\n\t\t\t<\/div>\n\t\t\t\t\t<div class=\"panel panel-default\">\n\t\t\t\t<div class=\"panel-heading\">\n\t\t\t\t\t<h4 class=\"panel-title\">\n\t\t\t\t\t\t<a class=\"collapsed\" href=\"#collapse-785a4aa90931d2b3768cb88a04b84805-2\" data-toggle=\"collapse\" data-parent=\"#accordion-785a4aa90931d2b3768cb88a04b84805\">\n\t\t\t\t\t\t\t\t\t\t\t\t\t\tOur Team\t\t\t\t\t\t<\/a>\n\t\t\t\t\t<\/h4>\n\t\t\t\t<\/div>\n\t\t\t\t<div id=\"collapse-785a4aa90931d2b3768cb88a04b84805-2\" class=\"panel-collapse collapse\">\n\t\t\t\t\t<div class=\"panel-body\">\n\t\t\t\t\t\t\t\t\t\t\t\t\tWe have a dedicated team which is always ready to serve our clients. We leverage our experience to gain highly accurate insights which you can use to minimize your business risk. \t\t\t\t\t\t\t\t\t\t\t<\/div>\n\t\t\t\t<\/div>\n\t\t\t<\/div>\n\t\t\t\t\t<div class=\"panel panel-default\">\n\t\t\t\t<div class=\"panel-heading\">\n\t\t\t\t\t<h4 class=\"panel-title\">\n\t\t\t\t\t\t<a class=\"collapsed\" href=\"#collapse-785a4aa90931d2b3768cb88a04b84805-3\" data-toggle=\"collapse\" data-parent=\"#accordion-785a4aa90931d2b3768cb88a04b84805\">\n\t\t\t\t\t\t\t\t\t\t\t\t\t\tOur Principle\t\t\t\t\t\t<\/a>\n\t\t\t\t\t<\/h4>\n\t\t\t\t<\/div>\n\t\t\t\t<div id=\"collapse-785a4aa90931d2b3768cb88a04b84805-3\" class=\"panel-collapse collapse\">\n\t\t\t\t\t<div class=\"panel-body\">\n\t\t\t\t\t\t\t\t\t\t\t\t\tWe committed to having a highly accurate, highly local service for our clients. With Xcel, there are no hidden fees? you will know the cost before the project begins.\t\t\t\t\t\t\t\t\t\t\t<\/div>\n\t\t\t\t<\/div>\n\t\t\t<\/div>\n\t\t\t<\/div>\n<\/div><\/div>\n\t\t<\/div>\n\t<\/div>\n<\/section>\n<section class=\"fw-main-row  ds section_padding_top_50 section_padding_bottom_50 columns_padding_15 background_cover\" style=\"background-image:url(http:\/\/xcelservicevn.com\/wp-content\/uploads\/2017\/06\/form-bg.jpg);\">\n\t<h3 class=\"hidden\"> NH\u1eacN T\u01af V\u1ea4N NGAY<\/h3>\n\t\t\t<div class=\"container\">\n\t\t<div class=\"row\">\n\t\t\t<div class=\"col-xs-12 to_animate\" data-animation=\"pullDown\">\n\t\n\t<div class=\"fw-divider-space\" style=\"margin-top: 17px;\"><\/div>\n<div class=\"special-heading text-center\">\n\t<h5 class=\"section_header margin_0\">\n\t<span class=\"thin text-uppercase\">\n\t\tLi\u00ean H\u1ec7\t<\/span>\n\t<\/h5>\n\t<h3 class=\"section_header margin_0\">\n\t<span class=\"medium text-uppercase\">\n\t\tNH\u1eacN T\u01af V\u1ea4N NGAY\t<\/span>\n\t<\/h3>\n<\/div>\n\n\t<div class=\"fw-divider-space\" style=\"margin-top: 3px;\"><\/div>\n<\/div>\n<div class=\"col-xs-12 to_animate\" data-animation=\"pullUp\">\n\t<div class=\"text-block\">\n\t<p>\n<\/p><div class=\"wpcf7 no-js\" id=\"wpcf7-f4226-o1\" lang=\"en-US\" dir=\"ltr\" data-wpcf7-id=\"4226\">\n<div class=\"screen-reader-response\"><p role=\"status\" aria-live=\"polite\" aria-atomic=\"true\"><\/p> <ul><\/ul><\/div>\n<form action=\"\/vi\/wp-json\/wp\/v2\/pages\/2763#wpcf7-f4226-o1\" method=\"post\" class=\"wpcf7-form init\" aria-label=\"Contact form\" novalidate=\"novalidate\" data-status=\"init\" data-trp-original-action=\"\/vi\/wp-json\/wp\/v2\/pages\/2763#wpcf7-f4226-o1\">\n<fieldset class=\"hidden-fields-container\"><input type=\"hidden\" name=\"_wpcf7\" value=\"4226\"><input type=\"hidden\" name=\"_wpcf7_version\" value=\"6.1.5\"><input type=\"hidden\" name=\"_wpcf7_locale\" value=\"en_US\"><input type=\"hidden\" name=\"_wpcf7_unit_tag\" value=\"wpcf7-f4226-o1\"><input type=\"hidden\" name=\"_wpcf7_container_post\" value=\"0\"><input type=\"hidden\" name=\"_wpcf7_posted_data_hash\" value=\"\">\n<\/fieldset>\n<div class=\"row\">\n\t<div class=\"col-xs-12 col-sm-6\">\n\t\t<p><span class=\"wpcf7-form-control-wrap\" data-name=\"your-name\"><input size=\"40\" maxlength=\"400\" class=\"wpcf7-form-control wpcf7-text wpcf7-validates-as-required form-control\" aria-required=\"true\" aria-invalid=\"false\" placeholder=\"H\u1ecc T\u00caN\" value=\"\" type=\"text\" name=\"your-name\"><\/span>\n\t\t<\/p>\n\t\t<p><span class=\"wpcf7-form-control-wrap\" data-name=\"phone-number\"><input class=\"wpcf7-form-control wpcf7-number wpcf7-validates-as-required wpcf7-validates-as-number form-control\" aria-required=\"true\" aria-invalid=\"false\" placeholder=\"S\u1ed0 \u0110I\u1ec6N THO\u1ea0I\" value=\"\" type=\"number\" name=\"phone-number\"><\/span>\n\t\t<\/p>\n\t\t<p><span class=\"wpcf7-form-control-wrap\" data-name=\"your-email\"><input size=\"40\" maxlength=\"400\" class=\"wpcf7-form-control wpcf7-email wpcf7-validates-as-required wpcf7-text wpcf7-validates-as-email form-control\" aria-required=\"true\" aria-invalid=\"false\" placeholder=\"EMAIL\" value=\"\" type=\"email\" name=\"your-email\"><\/span>\n\t\t<\/p>\n\t\t<p><span class=\"wpcf7-form-control-wrap\" data-name=\"job-sector\"><input size=\"40\" maxlength=\"400\" class=\"wpcf7-form-control wpcf7-text wpcf7-validates-as-required form-control\" aria-required=\"true\" aria-invalid=\"false\" placeholder=\"CH\u1ee6 \u0110\u1ec0\" value=\"\" type=\"text\" name=\"job-sector\"><\/span>\n\t\t<\/p>\n\t<\/div>\n\t<div class=\"col-xs-12 col-sm-6\">\n\t\t<p><span class=\"wpcf7-form-control-wrap\" data-name=\"your-message\"><textarea cols=\"12\" rows=\"8\" maxlength=\"2000\" class=\"wpcf7-form-control wpcf7-textarea form-control\" aria-invalid=\"false\" placeholder=\"N\u1ed8I DUNG...\" name=\"your-message\"><\/textarea><\/span>\n\t\t<\/p>\n\t<\/div>\n\t<div class=\"col-xs-12 text-center\">\n\t\t<p><input class=\"wpcf7-form-control wpcf7-submit has-spinner theme_button topmargin_10 wide_button inverse white\" type=\"submit\" value=\"G\u1eecI\">\n\t\t<\/p>\n\t<\/div>\n<\/div><div class=\"wpcf7-response-output\" aria-hidden=\"true\"><\/div>\n<input type=\"hidden\" name=\"trp-form-language\" value=\"vi\"\/><\/form>\n<\/div>\n<\/div>\n<\/div>\n\t\t<\/div>\n\t<\/div>\n<\/section>\n<section class=\"fw-main-row  section_gradient section_padding_top_50 section_padding_bottom_50 columns_padding_0\">\n\t<h3 class=\"hidden\"> Info section<\/h3>\n\t\t\t<div class=\"container\">\n\t\t<div class=\"row\">\n\t\t\t<div class=\"col-xs-12 col-md-4 to_animate\" data-animation=\"pullUp\">\n\t\n\t<div class=\"fw-divider-space\" style=\"margin-top: 2px;\"><\/div>\n<div class=\"special-heading text-center\">\n\t<p class=\"paragraph\">\n\t<span class=\"highlight medium text-uppercase\">\n\t\tNh\u1eadn t\u01b0 v\u1ea5n 24\/7\t<\/span>\n\t<\/p>\n\t<h4 class=\"section_header margin_0\">\n\t<span class=\"lightfont extra-thin text-transform-none\">\n\t\t+84 283 970 76 79\t<\/span>\n\t<\/h4>\n<\/div>\n\n\t<div class=\"fw-divider-space\" style=\"margin-top: 5px;\"><\/div>\n<\/div>\n<div class=\"col-xs-12 col-md-4 to_animate\" data-animation=\"pullUp\">\n\t\n\t<div class=\"fw-divider-space\" style=\"margin-top: 2px;\"><\/div>\n<div class=\"special-heading text-center\">\n\t<p class=\"paragraph\">\n\t<span class=\"highlight medium text-uppercase\">\n\t\tEMAIL\t<\/span>\n\t<\/p>\n\t<h4 class=\"section_header margin_0\">\n\t<span class=\"lightfont extra-thin text-transform-none\">\n\t\t<a href=\"mailto:info@xcelservicevn.com\">info@xcelservicevn.com<\/a>\t<\/span>\n\t<\/h4>\n<\/div>\n\n\t<div class=\"fw-divider-space\" style=\"margin-top: 5px;\"><\/div>\n<\/div>\n<div class=\"col-xs-12 col-md-4 to_animate\" data-animation=\"pullUp\">\n\t\n\t<div class=\"fw-divider-space\" style=\"margin-top: 2px;\"><\/div>\n<div class=\"special-heading text-center\">\n\t<p class=\"paragraph\">\n\t<span class=\"highlight medium text-uppercase\">\n\t\tM\u1edf C\u1eeda\t<\/span>\n\t<\/p>\n\t<h4 class=\"section_header margin_0\">\n\t<span class=\"lightfont extra-thin text-transform-none\">\n\t\t8:30-17:30 Th\u1ee9 2 - Th\u1ee9 6\t<\/span>\n\t<\/h4>\n<\/div>\n\n\t<div class=\"fw-divider-space\" style=\"margin-top: 5px;\"><\/div>\n<\/div>\n\t\t<\/div>\n\t<\/div>\n<\/section>\n<\/p>","protected":false},"excerpt":{"rendered":"<p>About Xcel Welcome to Service We believe in the value that our functions add to a business. We feel that<\/p>","protected":false},"author":1,"featured_media":0,"parent":0,"menu_order":0,"comment_status":"closed","ping_status":"closed","template":"page-templates\/full-width.php","meta":{"footnotes":""},"class_list":["post-2763","page","type-page","status-publish","hentry"],"_links":{"self":[{"href":"https:\/\/xcelservicevn.com\/vi\/wp-json\/wp\/v2\/pages\/2763","targetHints":{"allow":["GET"]}}],"collection":[{"href":"https:\/\/xcelservicevn.com\/vi\/wp-json\/wp\/v2\/pages"}],"about":[{"href":"https:\/\/xcelservicevn.com\/vi\/wp-json\/wp\/v2\/types\/page"}],"author":[{"embeddable":true,"href":"https:\/\/xcelservicevn.com\/vi\/wp-json\/wp\/v2\/users\/1"}],"replies":[{"embeddable":true,"href":"https:\/\/xcelservicevn.com\/vi\/wp-json\/wp\/v2\/comments?post=2763"}],"version-history":[{"count":8,"href":"https:\/\/xcelservicevn.com\/vi\/wp-json\/wp\/v2\/pages\/2763\/revisions"}],"predecessor-version":[{"id":4463,"href":"https:\/\/xcelservicevn.com\/vi\/wp-json\/wp\/v2\/pages\/2763\/revisions\/4463"}],"wp:attachment":[{"href":"https:\/\/xcelservicevn.com\/vi\/wp-json\/wp\/v2\/media?parent=2763"}],"curies":[{"name":"wp","href":"https:\/\/api.w.org\/{rel}","templated":true}]}}